{"id":150,"date":"2020-11-04T08:22:56","date_gmt":"2020-11-04T07:22:56","guid":{"rendered":"https:\/\/www.lecourrierdudentiste.com\/lepatient\/?page_id=150"},"modified":"2021-09-07T20:15:10","modified_gmt":"2021-09-07T18:15:10","slug":"la-chirurgie-buccale","status":"publish","type":"page","link":"https:\/\/www.lecourrierdudentiste.com\/lepatient\/la-chirurgie-buccale","title":{"rendered":"La chirurgie buccale"},"content":{"rendered":"<p>La sp\u00e9cialit\u00e9 de la chirurgie buccale s&rsquo;occupe du diagnostic et de la gestion des pathologies de la bouche et des m\u00e2choires qui n\u00e9cessitent une intervention chirurgicale. La chirurgie buccale concerne le traitement des enfants, des adolescents et des adultes, ainsi que la prise en charge des patients souffrant d&rsquo;anxi\u00e9t\u00e9 dentaire et de complexit\u00e9 m\u00e9dicale.<\/p>\n<p>Elle traite une grande vari\u00e9t\u00e9 de maladies et d&rsquo;affections qui comprennent :<\/p>\n<p>&#8211; La perte de dents,<\/p>\n<p>&#8211; L&rsquo;<a href=\"https:\/\/www.lecourrierdudentiste.com\/lepatient\/vos-questions\/extraction-des-dents-de-sagesse-quand-et-pourquoi.html\">extraction de dents de sagesse<\/a>,<\/p>\n<p>&#8211; Les <a href=\"https:\/\/www.lecourrierdudentiste.com\/lepatient\/vos-questions\/quest-ce-quun-implant-dentaire.html\">implants dentaires<\/a>,<\/p>\n<p>&#8211; L&rsquo;<a href=\"https:\/\/www.lecourrierdudentiste.com\/lepatient\/vos-questions\/comment-gerer-une-extraction-dentaire.html\">extraction de dents<\/a>,<\/p>\n<p>&#8211; Le traitement des maladies endodontales,<\/p>\n<p>&#8211; Les blessures de la m\u00e2choire\/bouche\/dents,<\/p>\n<p>&#8211; La r\u00e9paration des fentes labiales et palatines,<\/p>\n<p>&#8211; Les <a href=\"https:\/\/www.lecourrierdudentiste.com\/lepatient\/vos-questions\/que-sont-les-troubles-temporo-mandibulaires.html\">troubles de l&rsquo;articulation temporo-mandibulaire<\/a> (ATM) et la croissance in\u00e9gale des m\u00e2choires (malocclusion).<\/p>\n<p>Les soins de chirurgie buccale sont dispens\u00e9s par des chirurgiens buccaux et par des chirurgiens maxillo-faciaux, car les comp\u00e9tences cliniques de ces deux sp\u00e9cialit\u00e9s se chevauchent.<\/p>\n","protected":false},"excerpt":{"rendered":"<p>La sp\u00e9cialit\u00e9 de la chirurgie buccale s&rsquo;occupe du diagnostic et de la gestion des pathologies de la bouche et des<\/p>\n","protected":false},"author":1,"featured_media":784,"parent":0,"menu_order":0,"comment_status":"closed","ping_status":"closed","template":"","meta":{"colormag_page_container_layout":"default_layout","colormag_page_sidebar_layout":"default_layout","_lmt_disableupdate":"","_lmt_disable":"","footnotes":""},"class_list":["post-150","page","type-page","status-publish","has-post-thumbnail","hentry"],"yoast_head":"<!-- This site is optimized with the Yoast SEO plugin v27.5 - https:\/\/yoast.com\/product\/yoast-seo-wordpress\/ -->\n<title>La chirurgie buccale - sp\u00e9cialit\u00e9 - Ma sant\u00e9 bucco-dentaire<\/title>\n<meta name=\"description\" content=\"La chirurgie buccale s&#039;occupe du diagnostic et de la gestion des pathologies de la bouche et des m\u00e2choires necessitant une chirurgie.\" \/>\n<meta name=\"robots\" content=\"index, follow, max-snippet:-1, max-image-preview:large, max-video-preview:-1\" \/>\n<link rel=\"canonical\" href=\"https:\/\/www.lecourrierdudentiste.com\/lepatient\/la-chirurgie-buccale\" \/>\n<meta property=\"og:locale\" content=\"fr_FR\" \/>\n<meta property=\"og:type\" content=\"article\" \/>\n<meta property=\"og:title\" content=\"La chirurgie buccale - sp\u00e9cialit\u00e9 - Ma sant\u00e9 bucco-dentaire\" \/>\n<meta property=\"og:description\" content=\"La chirurgie buccale s&#039;occupe du diagnostic et de la gestion des pathologies de la bouche et des m\u00e2choires necessitant une chirurgie.\" \/>\n<meta property=\"og:url\" content=\"https:\/\/www.lecourrierdudentiste.com\/lepatient\/la-chirurgie-buccale\" \/>\n<meta property=\"og:site_name\" content=\"Ma sant\u00e9 bucco-dentaire\" \/>\n<meta property=\"article:publisher\" content=\"https:\/\/www.facebook.com\/Ma-sant-bucco-dentaire-106538034609903\" \/>\n<meta property=\"article:modified_time\" content=\"2021-09-07T18:15:10+00:00\" \/>\n<meta property=\"og:image\" content=\"https:\/\/www.lecourrierdudentiste.com\/lepatient\/wp-content\/uploads\/2021\/01\/chirurgie-buccale.jpg\" \/>\n\t<meta property=\"og:image:width\" content=\"640\" \/>\n\t<meta property=\"og:image:height\" content=\"356\" \/>\n\t<meta property=\"og:image:type\" content=\"image\/jpeg\" \/>\n<meta name=\"twitter:card\" content=\"summary_large_image\" \/>\n<meta name=\"twitter:label1\" content=\"Dur\u00e9e de lecture estim\u00e9e\" \/>\n\t<meta name=\"twitter:data1\" content=\"1 minute\" \/>\n<script type=\"application\/ld+json\" class=\"yoast-schema-graph\">{\"@context\":\"https:\\\/\\\/schema.org\",\"@graph\":[{\"@type\":\"WebPage\",\"@id\":\"https:\\\/\\\/www.lecourrierdudentiste.com\\\/lepatient\\\/la-chirurgie-buccale\",\"url\":\"https:\\\/\\\/www.lecourrierdudentiste.com\\\/lepatient\\\/la-chirurgie-buccale\",\"name\":\"La chirurgie buccale - sp\u00e9cialit\u00e9 - Ma sant\u00e9 bucco-dentaire\",\"isPartOf\":{\"@id\":\"https:\\\/\\\/www.lecourrierdudentiste.com\\\/lepatient\\\/#website\"},\"primaryImageOfPage\":{\"@id\":\"https:\\\/\\\/www.lecourrierdudentiste.com\\\/lepatient\\\/la-chirurgie-buccale#primaryimage\"},\"image\":{\"@id\":\"https:\\\/\\\/www.lecourrierdudentiste.com\\\/lepatient\\\/la-chirurgie-buccale#primaryimage\"},\"thumbnailUrl\":\"https:\\\/\\\/www.lecourrierdudentiste.com\\\/lepatient\\\/wp-content\\\/uploads\\\/2021\\\/01\\\/chirurgie-buccale.jpg\",\"datePublished\":\"2020-11-04T07:22:56+00:00\",\"dateModified\":\"2021-09-07T18:15:10+00:00\",\"description\":\"La chirurgie buccale s'occupe du diagnostic et de la gestion des pathologies de la bouche et des m\u00e2choires necessitant une chirurgie.\",\"breadcrumb\":{\"@id\":\"https:\\\/\\\/www.lecourrierdudentiste.com\\\/lepatient\\\/la-chirurgie-buccale#breadcrumb\"},\"inLanguage\":\"fr-FR\",\"potentialAction\":[{\"@type\":\"ReadAction\",\"target\":[\"https:\\\/\\\/www.lecourrierdudentiste.com\\\/lepatient\\\/la-chirurgie-buccale\"]}]},{\"@type\":\"ImageObject\",\"inLanguage\":\"fr-FR\",\"@id\":\"https:\\\/\\\/www.lecourrierdudentiste.com\\\/lepatient\\\/la-chirurgie-buccale#primaryimage\",\"url\":\"https:\\\/\\\/www.lecourrierdudentiste.com\\\/lepatient\\\/wp-content\\\/uploads\\\/2021\\\/01\\\/chirurgie-buccale.jpg\",\"contentUrl\":\"https:\\\/\\\/www.lecourrierdudentiste.com\\\/lepatient\\\/wp-content\\\/uploads\\\/2021\\\/01\\\/chirurgie-buccale.jpg\",\"width\":640,\"height\":356,\"caption\":\"La chirurgie buccale\"},{\"@type\":\"BreadcrumbList\",\"@id\":\"https:\\\/\\\/www.lecourrierdudentiste.com\\\/lepatient\\\/la-chirurgie-buccale#breadcrumb\",\"itemListElement\":[{\"@type\":\"ListItem\",\"position\":1,\"name\":\"Accueil\",\"item\":\"https:\\\/\\\/www.lecourrierdudentiste.com\\\/lepatient\"},{\"@type\":\"ListItem\",\"position\":2,\"name\":\"La chirurgie buccale\"}]},{\"@type\":\"WebSite\",\"@id\":\"https:\\\/\\\/www.lecourrierdudentiste.com\\\/lepatient\\\/#website\",\"url\":\"https:\\\/\\\/www.lecourrierdudentiste.com\\\/lepatient\\\/\",\"name\":\"Ma sant\u00e9 bucco-dentaire\",\"description\":\"Informations et conseils dentaires pour patient\",\"publisher\":{\"@id\":\"https:\\\/\\\/www.lecourrierdudentiste.com\\\/lepatient\\\/#\\\/schema\\\/person\\\/b60c4ef676e6f6aecf24be3a2b1d7f42\"},\"alternateName\":\"Sant\u00e9 bucco-dentaire\",\"potentialAction\":[{\"@type\":\"SearchAction\",\"target\":{\"@type\":\"EntryPoint\",\"urlTemplate\":\"https:\\\/\\\/www.lecourrierdudentiste.com\\\/lepatient\\\/?s={search_term_string}\"},\"query-input\":{\"@type\":\"PropertyValueSpecification\",\"valueRequired\":true,\"valueName\":\"search_term_string\"}}],\"inLanguage\":\"fr-FR\"},{\"@type\":[\"Person\",\"Organization\"],\"@id\":\"https:\\\/\\\/www.lecourrierdudentiste.com\\\/lepatient\\\/#\\\/schema\\\/person\\\/b60c4ef676e6f6aecf24be3a2b1d7f42\",\"name\":\"Admin\",\"image\":{\"@type\":\"ImageObject\",\"inLanguage\":\"fr-FR\",\"@id\":\"https:\\\/\\\/www.lecourrierdudentiste.com\\\/lepatient\\\/wp-content\\\/uploads\\\/2020\\\/11\\\/Ma-sante-dentaire2.jpg\",\"url\":\"https:\\\/\\\/www.lecourrierdudentiste.com\\\/lepatient\\\/wp-content\\\/uploads\\\/2020\\\/11\\\/Ma-sante-dentaire2.jpg\",\"contentUrl\":\"https:\\\/\\\/www.lecourrierdudentiste.com\\\/lepatient\\\/wp-content\\\/uploads\\\/2020\\\/11\\\/Ma-sante-dentaire2.jpg\",\"width\":290,\"height\":75,\"caption\":\"Admin\"},\"logo\":{\"@id\":\"https:\\\/\\\/www.lecourrierdudentiste.com\\\/lepatient\\\/wp-content\\\/uploads\\\/2020\\\/11\\\/Ma-sante-dentaire2.jpg\"},\"sameAs\":[\"https:\\\/\\\/www.lecourrierdudentiste.com\\\/lepatient\",\"https:\\\/\\\/www.facebook.com\\\/Ma-sant-bucco-dentaire-106538034609903\"]}]}<\/script>\n<!-- \/ Yoast SEO plugin. -->","yoast_head_json":{"title":"La chirurgie buccale - sp\u00e9cialit\u00e9 - Ma sant\u00e9 bucco-dentaire","description":"La chirurgie buccale s'occupe du diagnostic et de la gestion des pathologies de la bouche et des m\u00e2choires necessitant une chirurgie.","robots":{"index":"index","follow":"follow","max-snippet":"max-snippet:-1","max-image-preview":"max-image-preview:large","max-video-preview":"max-video-preview:-1"},"canonical":"https:\/\/www.lecourrierdudentiste.com\/lepatient\/la-chirurgie-buccale","og_locale":"fr_FR","og_type":"article","og_title":"La chirurgie buccale - sp\u00e9cialit\u00e9 - Ma sant\u00e9 bucco-dentaire","og_description":"La chirurgie buccale s'occupe du diagnostic et de la gestion des pathologies de la bouche et des m\u00e2choires necessitant une chirurgie.","og_url":"https:\/\/www.lecourrierdudentiste.com\/lepatient\/la-chirurgie-buccale","og_site_name":"Ma sant\u00e9 bucco-dentaire","article_publisher":"https:\/\/www.facebook.com\/Ma-sant-bucco-dentaire-106538034609903","article_modified_time":"2021-09-07T18:15:10+00:00","og_image":[{"width":640,"height":356,"url":"https:\/\/www.lecourrierdudentiste.com\/lepatient\/wp-content\/uploads\/2021\/01\/chirurgie-buccale.jpg","type":"image\/jpeg"}],"twitter_card":"summary_large_image","twitter_misc":{"Dur\u00e9e de lecture estim\u00e9e":"1 minute"},"schema":{"@context":"https:\/\/schema.org","@graph":[{"@type":"WebPage","@id":"https:\/\/www.lecourrierdudentiste.com\/lepatient\/la-chirurgie-buccale","url":"https:\/\/www.lecourrierdudentiste.com\/lepatient\/la-chirurgie-buccale","name":"La chirurgie buccale - sp\u00e9cialit\u00e9 - Ma sant\u00e9 bucco-dentaire","isPartOf":{"@id":"https:\/\/www.lecourrierdudentiste.com\/lepatient\/#website"},"primaryImageOfPage":{"@id":"https:\/\/www.lecourrierdudentiste.com\/lepatient\/la-chirurgie-buccale#primaryimage"},"image":{"@id":"https:\/\/www.lecourrierdudentiste.com\/lepatient\/la-chirurgie-buccale#primaryimage"},"thumbnailUrl":"https:\/\/www.lecourrierdudentiste.com\/lepatient\/wp-content\/uploads\/2021\/01\/chirurgie-buccale.jpg","datePublished":"2020-11-04T07:22:56+00:00","dateModified":"2021-09-07T18:15:10+00:00","description":"La chirurgie buccale s'occupe du diagnostic et de la gestion des pathologies de la bouche et des m\u00e2choires necessitant une chirurgie.","breadcrumb":{"@id":"https:\/\/www.lecourrierdudentiste.com\/lepatient\/la-chirurgie-buccale#breadcrumb"},"inLanguage":"fr-FR","potentialAction":[{"@type":"ReadAction","target":["https:\/\/www.lecourrierdudentiste.com\/lepatient\/la-chirurgie-buccale"]}]},{"@type":"ImageObject","inLanguage":"fr-FR","@id":"https:\/\/www.lecourrierdudentiste.com\/lepatient\/la-chirurgie-buccale#primaryimage","url":"https:\/\/www.lecourrierdudentiste.com\/lepatient\/wp-content\/uploads\/2021\/01\/chirurgie-buccale.jpg","contentUrl":"https:\/\/www.lecourrierdudentiste.com\/lepatient\/wp-content\/uploads\/2021\/01\/chirurgie-buccale.jpg","width":640,"height":356,"caption":"La chirurgie buccale"},{"@type":"BreadcrumbList","@id":"https:\/\/www.lecourrierdudentiste.com\/lepatient\/la-chirurgie-buccale#breadcrumb","itemListElement":[{"@type":"ListItem","position":1,"name":"Accueil","item":"https:\/\/www.lecourrierdudentiste.com\/lepatient"},{"@type":"ListItem","position":2,"name":"La chirurgie buccale"}]},{"@type":"WebSite","@id":"https:\/\/www.lecourrierdudentiste.com\/lepatient\/#website","url":"https:\/\/www.lecourrierdudentiste.com\/lepatient\/","name":"Ma sant\u00e9 bucco-dentaire","description":"Informations et conseils dentaires pour patient","publisher":{"@id":"https:\/\/www.lecourrierdudentiste.com\/lepatient\/#\/schema\/person\/b60c4ef676e6f6aecf24be3a2b1d7f42"},"alternateName":"Sant\u00e9 bucco-dentaire","potentialAction":[{"@type":"SearchAction","target":{"@type":"EntryPoint","urlTemplate":"https:\/\/www.lecourrierdudentiste.com\/lepatient\/?s={search_term_string}"},"query-input":{"@type":"PropertyValueSpecification","valueRequired":true,"valueName":"search_term_string"}}],"inLanguage":"fr-FR"},{"@type":["Person","Organization"],"@id":"https:\/\/www.lecourrierdudentiste.com\/lepatient\/#\/schema\/person\/b60c4ef676e6f6aecf24be3a2b1d7f42","name":"Admin","image":{"@type":"ImageObject","inLanguage":"fr-FR","@id":"https:\/\/www.lecourrierdudentiste.com\/lepatient\/wp-content\/uploads\/2020\/11\/Ma-sante-dentaire2.jpg","url":"https:\/\/www.lecourrierdudentiste.com\/lepatient\/wp-content\/uploads\/2020\/11\/Ma-sante-dentaire2.jpg","contentUrl":"https:\/\/www.lecourrierdudentiste.com\/lepatient\/wp-content\/uploads\/2020\/11\/Ma-sante-dentaire2.jpg","width":290,"height":75,"caption":"Admin"},"logo":{"@id":"https:\/\/www.lecourrierdudentiste.com\/lepatient\/wp-content\/uploads\/2020\/11\/Ma-sante-dentaire2.jpg"},"sameAs":["https:\/\/www.lecourrierdudentiste.com\/lepatient","https:\/\/www.facebook.com\/Ma-sant-bucco-dentaire-106538034609903"]}]}},"jetpack_sharing_enabled":true,"_links":{"self":[{"href":"https:\/\/www.lecourrierdudentiste.com\/lepatient\/wp-json\/wp\/v2\/pages\/150","targetHints":{"allow":["GET"]}}],"collection":[{"href":"https:\/\/www.lecourrierdudentiste.com\/lepatient\/wp-json\/wp\/v2\/pages"}],"about":[{"href":"https:\/\/www.lecourrierdudentiste.com\/lepatient\/wp-json\/wp\/v2\/types\/page"}],"author":[{"embeddable":true,"href":"https:\/\/www.lecourrierdudentiste.com\/lepatient\/wp-json\/wp\/v2\/users\/1"}],"replies":[{"embeddable":true,"href":"https:\/\/www.lecourrierdudentiste.com\/lepatient\/wp-json\/wp\/v2\/comments?post=150"}],"version-history":[{"count":9,"href":"https:\/\/www.lecourrierdudentiste.com\/lepatient\/wp-json\/wp\/v2\/pages\/150\/revisions"}],"predecessor-version":[{"id":1787,"href":"https:\/\/www.lecourrierdudentiste.com\/lepatient\/wp-json\/wp\/v2\/pages\/150\/revisions\/1787"}],"wp:featuredmedia":[{"embeddable":true,"href":"https:\/\/www.lecourrierdudentiste.com\/lepatient\/wp-json\/wp\/v2\/media\/784"}],"wp:attachment":[{"href":"https:\/\/www.lecourrierdudentiste.com\/lepatient\/wp-json\/wp\/v2\/media?parent=150"}],"curies":[{"name":"wp","href":"https:\/\/api.w.org\/{rel}","templated":true}]}}