{"id":139,"date":"2020-11-03T11:09:26","date_gmt":"2020-11-03T10:09:26","guid":{"rendered":"https:\/\/www.lecourrierdudentiste.com\/lepatient\/?page_id=139"},"modified":"2022-11-06T16:43:43","modified_gmt":"2022-11-06T15:43:43","slug":"locclusodontie","status":"publish","type":"page","link":"https:\/\/www.lecourrierdudentiste.com\/lepatient\/locclusodontie","title":{"rendered":"L&rsquo;occlusodontie"},"content":{"rendered":"<p>L&rsquo;occlusodontie est une sp\u00e9cialit\u00e9 dentaire et stomatologique qui \u00e9tudie les composants de la bouche que ce soit les dents, les muscles et les articulations.<br \/>\nCeux-ci expliquent beaucoup de maux comme les migraines, le bruxisme qui consiste \u00e0 <strong><a href=\"https:\/\/www.lecourrierdudentiste.com\/lepatient\/vos-questions\/fatigue-de-grincer-des-dents-la-nuit.html\">grincer des dents<\/a><\/strong> et tr\u00e8s souvent une pression au niveau des a<a href=\"https:\/\/www.lecourrierdudentiste.com\/lepatient\/vos-questions\/que-sont-les-troubles-temporo-mandibulaires.html\"><strong>rticulations de la m\u00e2choire<\/strong><\/a>.<\/p>\n<p>Elle vise \u00e0 r\u00e9tablir une bonne fonction, ou fonction physiologique r\u00e9flexe, dans tous les \u00e9l\u00e9ments de l&rsquo;appareil masticateur, ou bouche. Il s&rsquo;agit de bons contacts entre les dents du patient ou d&rsquo;une occlusion dentaire, ainsi que d&rsquo;une fonction r\u00e9flexe asymptomatique des muscles qui mobilisent les m\u00e2choires ou de la posture des m\u00e2choires sous l&rsquo;effet de la gravit\u00e9 terrestre. L&rsquo;occlusodontologie est une science fondamentale, une branche de l&rsquo;occlusodontie.<\/p>\n<p>L&rsquo;occlusodontologie consiste \u00e0 ajuster ou reconstruire les contacts r\u00e9flexes entre les dents antagonistes sup\u00e9rieures et inf\u00e9rieures. Cet ajustement se fait tout en maintenant un temps de repos physiologique suffisant pour les muscles de la m\u00e2choire. Ses cons\u00e9quences th\u00e9rapeutiques concernent toute la symptomatologie li\u00e9e \u00e0 l&rsquo;\u00e9quilibre tonique postural de l&rsquo;individu \u00e0 travers son syst\u00e8me cr\u00e2nien-madibulus-sacr\u00e9.<\/p>\n","protected":false},"excerpt":{"rendered":"<p>L&rsquo;occlusodontie est une sp\u00e9cialit\u00e9 dentaire et stomatologique qui \u00e9tudie les composants de la bouche que ce soit les dents, les<\/p>\n","protected":false},"author":1,"featured_media":786,"parent":0,"menu_order":0,"comment_status":"closed","ping_status":"closed","template":"","meta":{"colormag_page_container_layout":"default_layout","colormag_page_sidebar_layout":"default_layout","_lmt_disableupdate":"no","_lmt_disable":"no","footnotes":""},"class_list":["post-139","page","type-page","status-publish","has-post-thumbnail","hentry"],"yoast_head":"<!-- This site is optimized with the Yoast SEO plugin v27.5 - https:\/\/yoast.com\/product\/yoast-seo-wordpress\/ -->\n<title>L&#039;occlusodontie - sp\u00e9cialit\u00e9 - Ma sant\u00e9 bucco-dentaire<\/title>\n<meta name=\"description\" content=\"L&#039;occlusodontie est une sp\u00e9cialit\u00e9 dentaire qui \u00e9tudie les composants de la bouche que ce soit les dents, les muscles et les articulations.\" \/>\n<meta name=\"robots\" content=\"index, follow, max-snippet:-1, max-image-preview:large, max-video-preview:-1\" \/>\n<link rel=\"canonical\" href=\"https:\/\/www.lecourrierdudentiste.com\/lepatient\/locclusodontie\" \/>\n<meta property=\"og:locale\" content=\"fr_FR\" \/>\n<meta property=\"og:type\" content=\"article\" \/>\n<meta property=\"og:title\" content=\"L&#039;occlusodontie - sp\u00e9cialit\u00e9 - Ma sant\u00e9 bucco-dentaire\" \/>\n<meta property=\"og:description\" content=\"L&#039;occlusodontie est une sp\u00e9cialit\u00e9 dentaire qui \u00e9tudie les composants de la bouche que ce soit les dents, les muscles et les articulations.\" \/>\n<meta property=\"og:url\" content=\"https:\/\/www.lecourrierdudentiste.com\/lepatient\/locclusodontie\" \/>\n<meta property=\"og:site_name\" content=\"Ma sant\u00e9 bucco-dentaire\" \/>\n<meta property=\"article:publisher\" content=\"https:\/\/www.facebook.com\/Ma-sant-bucco-dentaire-106538034609903\" \/>\n<meta property=\"article:modified_time\" content=\"2022-11-06T15:43:43+00:00\" \/>\n<meta property=\"og:image\" content=\"https:\/\/www.lecourrierdudentiste.com\/lepatient\/wp-content\/uploads\/2021\/01\/occlusodontie.jpg\" \/>\n\t<meta property=\"og:image:width\" content=\"640\" \/>\n\t<meta property=\"og:image:height\" content=\"356\" \/>\n\t<meta property=\"og:image:type\" content=\"image\/jpeg\" \/>\n<meta name=\"twitter:card\" content=\"summary_large_image\" \/>\n<meta name=\"twitter:label1\" content=\"Dur\u00e9e de lecture estim\u00e9e\" \/>\n\t<meta name=\"twitter:data1\" content=\"1 minute\" \/>\n<script type=\"application\/ld+json\" class=\"yoast-schema-graph\">{\"@context\":\"https:\\\/\\\/schema.org\",\"@graph\":[{\"@type\":\"WebPage\",\"@id\":\"https:\\\/\\\/www.lecourrierdudentiste.com\\\/lepatient\\\/locclusodontie\",\"url\":\"https:\\\/\\\/www.lecourrierdudentiste.com\\\/lepatient\\\/locclusodontie\",\"name\":\"L'occlusodontie - sp\u00e9cialit\u00e9 - Ma sant\u00e9 bucco-dentaire\",\"isPartOf\":{\"@id\":\"https:\\\/\\\/www.lecourrierdudentiste.com\\\/lepatient\\\/#website\"},\"primaryImageOfPage\":{\"@id\":\"https:\\\/\\\/www.lecourrierdudentiste.com\\\/lepatient\\\/locclusodontie#primaryimage\"},\"image\":{\"@id\":\"https:\\\/\\\/www.lecourrierdudentiste.com\\\/lepatient\\\/locclusodontie#primaryimage\"},\"thumbnailUrl\":\"https:\\\/\\\/www.lecourrierdudentiste.com\\\/lepatient\\\/wp-content\\\/uploads\\\/2021\\\/01\\\/occlusodontie.jpg\",\"datePublished\":\"2020-11-03T10:09:26+00:00\",\"dateModified\":\"2022-11-06T15:43:43+00:00\",\"description\":\"L'occlusodontie est une sp\u00e9cialit\u00e9 dentaire qui \u00e9tudie les composants de la bouche que ce soit les dents, les muscles et les articulations.\",\"breadcrumb\":{\"@id\":\"https:\\\/\\\/www.lecourrierdudentiste.com\\\/lepatient\\\/locclusodontie#breadcrumb\"},\"inLanguage\":\"fr-FR\",\"potentialAction\":[{\"@type\":\"ReadAction\",\"target\":[\"https:\\\/\\\/www.lecourrierdudentiste.com\\\/lepatient\\\/locclusodontie\"]}]},{\"@type\":\"ImageObject\",\"inLanguage\":\"fr-FR\",\"@id\":\"https:\\\/\\\/www.lecourrierdudentiste.com\\\/lepatient\\\/locclusodontie#primaryimage\",\"url\":\"https:\\\/\\\/www.lecourrierdudentiste.com\\\/lepatient\\\/wp-content\\\/uploads\\\/2021\\\/01\\\/occlusodontie.jpg\",\"contentUrl\":\"https:\\\/\\\/www.lecourrierdudentiste.com\\\/lepatient\\\/wp-content\\\/uploads\\\/2021\\\/01\\\/occlusodontie.jpg\",\"width\":640,\"height\":356,\"caption\":\"Occlusodontie\"},{\"@type\":\"BreadcrumbList\",\"@id\":\"https:\\\/\\\/www.lecourrierdudentiste.com\\\/lepatient\\\/locclusodontie#breadcrumb\",\"itemListElement\":[{\"@type\":\"ListItem\",\"position\":1,\"name\":\"Accueil\",\"item\":\"https:\\\/\\\/www.lecourrierdudentiste.com\\\/lepatient\"},{\"@type\":\"ListItem\",\"position\":2,\"name\":\"L&#8217;occlusodontie\"}]},{\"@type\":\"WebSite\",\"@id\":\"https:\\\/\\\/www.lecourrierdudentiste.com\\\/lepatient\\\/#website\",\"url\":\"https:\\\/\\\/www.lecourrierdudentiste.com\\\/lepatient\\\/\",\"name\":\"Ma sant\u00e9 bucco-dentaire\",\"description\":\"Informations et conseils dentaires pour patient\",\"publisher\":{\"@id\":\"https:\\\/\\\/www.lecourrierdudentiste.com\\\/lepatient\\\/#\\\/schema\\\/person\\\/b60c4ef676e6f6aecf24be3a2b1d7f42\"},\"alternateName\":\"Sant\u00e9 bucco-dentaire\",\"potentialAction\":[{\"@type\":\"SearchAction\",\"target\":{\"@type\":\"EntryPoint\",\"urlTemplate\":\"https:\\\/\\\/www.lecourrierdudentiste.com\\\/lepatient\\\/?s={search_term_string}\"},\"query-input\":{\"@type\":\"PropertyValueSpecification\",\"valueRequired\":true,\"valueName\":\"search_term_string\"}}],\"inLanguage\":\"fr-FR\"},{\"@type\":[\"Person\",\"Organization\"],\"@id\":\"https:\\\/\\\/www.lecourrierdudentiste.com\\\/lepatient\\\/#\\\/schema\\\/person\\\/b60c4ef676e6f6aecf24be3a2b1d7f42\",\"name\":\"Admin\",\"image\":{\"@type\":\"ImageObject\",\"inLanguage\":\"fr-FR\",\"@id\":\"https:\\\/\\\/www.lecourrierdudentiste.com\\\/lepatient\\\/wp-content\\\/uploads\\\/2020\\\/11\\\/Ma-sante-dentaire2.jpg\",\"url\":\"https:\\\/\\\/www.lecourrierdudentiste.com\\\/lepatient\\\/wp-content\\\/uploads\\\/2020\\\/11\\\/Ma-sante-dentaire2.jpg\",\"contentUrl\":\"https:\\\/\\\/www.lecourrierdudentiste.com\\\/lepatient\\\/wp-content\\\/uploads\\\/2020\\\/11\\\/Ma-sante-dentaire2.jpg\",\"width\":290,\"height\":75,\"caption\":\"Admin\"},\"logo\":{\"@id\":\"https:\\\/\\\/www.lecourrierdudentiste.com\\\/lepatient\\\/wp-content\\\/uploads\\\/2020\\\/11\\\/Ma-sante-dentaire2.jpg\"},\"sameAs\":[\"https:\\\/\\\/www.lecourrierdudentiste.com\\\/lepatient\",\"https:\\\/\\\/www.facebook.com\\\/Ma-sant-bucco-dentaire-106538034609903\"]}]}<\/script>\n<!-- \/ Yoast SEO plugin. -->","yoast_head_json":{"title":"L'occlusodontie - sp\u00e9cialit\u00e9 - Ma sant\u00e9 bucco-dentaire","description":"L'occlusodontie est une sp\u00e9cialit\u00e9 dentaire qui \u00e9tudie les composants de la bouche que ce soit les dents, les muscles et les articulations.","robots":{"index":"index","follow":"follow","max-snippet":"max-snippet:-1","max-image-preview":"max-image-preview:large","max-video-preview":"max-video-preview:-1"},"canonical":"https:\/\/www.lecourrierdudentiste.com\/lepatient\/locclusodontie","og_locale":"fr_FR","og_type":"article","og_title":"L'occlusodontie - sp\u00e9cialit\u00e9 - Ma sant\u00e9 bucco-dentaire","og_description":"L'occlusodontie est une sp\u00e9cialit\u00e9 dentaire qui \u00e9tudie les composants de la bouche que ce soit les dents, les muscles et les articulations.","og_url":"https:\/\/www.lecourrierdudentiste.com\/lepatient\/locclusodontie","og_site_name":"Ma sant\u00e9 bucco-dentaire","article_publisher":"https:\/\/www.facebook.com\/Ma-sant-bucco-dentaire-106538034609903","article_modified_time":"2022-11-06T15:43:43+00:00","og_image":[{"width":640,"height":356,"url":"https:\/\/www.lecourrierdudentiste.com\/lepatient\/wp-content\/uploads\/2021\/01\/occlusodontie.jpg","type":"image\/jpeg"}],"twitter_card":"summary_large_image","twitter_misc":{"Dur\u00e9e de lecture estim\u00e9e":"1 minute"},"schema":{"@context":"https:\/\/schema.org","@graph":[{"@type":"WebPage","@id":"https:\/\/www.lecourrierdudentiste.com\/lepatient\/locclusodontie","url":"https:\/\/www.lecourrierdudentiste.com\/lepatient\/locclusodontie","name":"L'occlusodontie - sp\u00e9cialit\u00e9 - Ma sant\u00e9 bucco-dentaire","isPartOf":{"@id":"https:\/\/www.lecourrierdudentiste.com\/lepatient\/#website"},"primaryImageOfPage":{"@id":"https:\/\/www.lecourrierdudentiste.com\/lepatient\/locclusodontie#primaryimage"},"image":{"@id":"https:\/\/www.lecourrierdudentiste.com\/lepatient\/locclusodontie#primaryimage"},"thumbnailUrl":"https:\/\/www.lecourrierdudentiste.com\/lepatient\/wp-content\/uploads\/2021\/01\/occlusodontie.jpg","datePublished":"2020-11-03T10:09:26+00:00","dateModified":"2022-11-06T15:43:43+00:00","description":"L'occlusodontie est une sp\u00e9cialit\u00e9 dentaire qui \u00e9tudie les composants de la bouche que ce soit les dents, les muscles et les articulations.","breadcrumb":{"@id":"https:\/\/www.lecourrierdudentiste.com\/lepatient\/locclusodontie#breadcrumb"},"inLanguage":"fr-FR","potentialAction":[{"@type":"ReadAction","target":["https:\/\/www.lecourrierdudentiste.com\/lepatient\/locclusodontie"]}]},{"@type":"ImageObject","inLanguage":"fr-FR","@id":"https:\/\/www.lecourrierdudentiste.com\/lepatient\/locclusodontie#primaryimage","url":"https:\/\/www.lecourrierdudentiste.com\/lepatient\/wp-content\/uploads\/2021\/01\/occlusodontie.jpg","contentUrl":"https:\/\/www.lecourrierdudentiste.com\/lepatient\/wp-content\/uploads\/2021\/01\/occlusodontie.jpg","width":640,"height":356,"caption":"Occlusodontie"},{"@type":"BreadcrumbList","@id":"https:\/\/www.lecourrierdudentiste.com\/lepatient\/locclusodontie#breadcrumb","itemListElement":[{"@type":"ListItem","position":1,"name":"Accueil","item":"https:\/\/www.lecourrierdudentiste.com\/lepatient"},{"@type":"ListItem","position":2,"name":"L&#8217;occlusodontie"}]},{"@type":"WebSite","@id":"https:\/\/www.lecourrierdudentiste.com\/lepatient\/#website","url":"https:\/\/www.lecourrierdudentiste.com\/lepatient\/","name":"Ma sant\u00e9 bucco-dentaire","description":"Informations et conseils dentaires pour patient","publisher":{"@id":"https:\/\/www.lecourrierdudentiste.com\/lepatient\/#\/schema\/person\/b60c4ef676e6f6aecf24be3a2b1d7f42"},"alternateName":"Sant\u00e9 bucco-dentaire","potentialAction":[{"@type":"SearchAction","target":{"@type":"EntryPoint","urlTemplate":"https:\/\/www.lecourrierdudentiste.com\/lepatient\/?s={search_term_string}"},"query-input":{"@type":"PropertyValueSpecification","valueRequired":true,"valueName":"search_term_string"}}],"inLanguage":"fr-FR"},{"@type":["Person","Organization"],"@id":"https:\/\/www.lecourrierdudentiste.com\/lepatient\/#\/schema\/person\/b60c4ef676e6f6aecf24be3a2b1d7f42","name":"Admin","image":{"@type":"ImageObject","inLanguage":"fr-FR","@id":"https:\/\/www.lecourrierdudentiste.com\/lepatient\/wp-content\/uploads\/2020\/11\/Ma-sante-dentaire2.jpg","url":"https:\/\/www.lecourrierdudentiste.com\/lepatient\/wp-content\/uploads\/2020\/11\/Ma-sante-dentaire2.jpg","contentUrl":"https:\/\/www.lecourrierdudentiste.com\/lepatient\/wp-content\/uploads\/2020\/11\/Ma-sante-dentaire2.jpg","width":290,"height":75,"caption":"Admin"},"logo":{"@id":"https:\/\/www.lecourrierdudentiste.com\/lepatient\/wp-content\/uploads\/2020\/11\/Ma-sante-dentaire2.jpg"},"sameAs":["https:\/\/www.lecourrierdudentiste.com\/lepatient","https:\/\/www.facebook.com\/Ma-sant-bucco-dentaire-106538034609903"]}]}},"jetpack_sharing_enabled":true,"_links":{"self":[{"href":"https:\/\/www.lecourrierdudentiste.com\/lepatient\/wp-json\/wp\/v2\/pages\/139","targetHints":{"allow":["GET"]}}],"collection":[{"href":"https:\/\/www.lecourrierdudentiste.com\/lepatient\/wp-json\/wp\/v2\/pages"}],"about":[{"href":"https:\/\/www.lecourrierdudentiste.com\/lepatient\/wp-json\/wp\/v2\/types\/page"}],"author":[{"embeddable":true,"href":"https:\/\/www.lecourrierdudentiste.com\/lepatient\/wp-json\/wp\/v2\/users\/1"}],"replies":[{"embeddable":true,"href":"https:\/\/www.lecourrierdudentiste.com\/lepatient\/wp-json\/wp\/v2\/comments?post=139"}],"version-history":[{"count":7,"href":"https:\/\/www.lecourrierdudentiste.com\/lepatient\/wp-json\/wp\/v2\/pages\/139\/revisions"}],"predecessor-version":[{"id":3393,"href":"https:\/\/www.lecourrierdudentiste.com\/lepatient\/wp-json\/wp\/v2\/pages\/139\/revisions\/3393"}],"wp:featuredmedia":[{"embeddable":true,"href":"https:\/\/www.lecourrierdudentiste.com\/lepatient\/wp-json\/wp\/v2\/media\/786"}],"wp:attachment":[{"href":"https:\/\/www.lecourrierdudentiste.com\/lepatient\/wp-json\/wp\/v2\/media?parent=139"}],"curies":[{"name":"wp","href":"https:\/\/api.w.org\/{rel}","templated":true}]}}