{"id":137,"date":"2020-11-03T11:08:36","date_gmt":"2020-11-03T10:08:36","guid":{"rendered":"https:\/\/www.lecourrierdudentiste.com\/lepatient\/?page_id=137"},"modified":"2022-11-05T23:44:26","modified_gmt":"2022-11-05T22:44:26","slug":"la-parodontie","status":"publish","type":"page","link":"https:\/\/www.lecourrierdudentiste.com\/lepatient\/la-parodontie","title":{"rendered":"La parodontie"},"content":{"rendered":"<p>La parodontie ou parodontologie est la sp\u00e9cialit\u00e9 dentaire qui se concentre exclusivement sur la maladie inflammatoire qui d\u00e9truit les gencives et les autres structures de soutien autour des dents. Un parodontiste est un dentiste qui se sp\u00e9cialise dans la parodontie, plus explicitement, la pr\u00e9vention, le diagnostic, le traitement des maladies parodontales et \u00e9galement dans\u00a0 la pose d&rsquo;implants dentaires.<\/p>\r\n<p>Les parodontistes re\u00e7oivent une formation approfondie dans ces domaines, pendant plus trois ann\u00e9es d&rsquo;\u00e9tudes suppl\u00e9mentaires au-del\u00e0 de l&rsquo;\u00e9cole dentaire. En tant que sp\u00e9cialistes des maladies parodontales, ils sont experts dans les derni\u00e8res techniques de diagnostic et de traitement des maladies parodontales. Ils sont \u00e9galement form\u00e9s aux proc\u00e9dures parodontales esth\u00e9tiques.<\/p>\r\n<h6><span style=\"color: #008000;\"><em>\u00a0\u00bb Les parodontistes traitent des cas allant de la gingivite l\u00e9g\u00e8re \u00e0 la parodontite plus s\u00e9v\u00e8re \u00ab\u00a0<\/em><\/span><\/h6>\r\n<p>Les parodontistes traitent des cas allant de la <strong><a href=\"https:\/\/www.lecourrierdudentiste.com\/lepatient\/blog\/gingivite-causes-symptomes-et-traitements.html\">gingivite<\/a><\/strong> l\u00e9g\u00e8re \u00e0 la parodontite plus s\u00e9v\u00e8re. Ils proposent un large \u00e9ventail de traitements, tels que le d\u00e9tartrage et le surfa\u00e7age radiculaire (nettoyage des <a href=\"https:\/\/www.lecourrierdudentiste.com\/lepatient\/vos-questions\/quest-ce-que-le-curetage-et-le-surfacage-radiculaire.html\"><strong>s<\/strong><\/a><strong><a href=\"https:\/\/www.lecourrierdudentiste.com\/lepatient\/vos-questions\/quest-ce-que-le-curetage-et-le-surfacage-radiculaire.html\">urfaces radiculaires<\/a> infect\u00e9es<\/strong>), le d\u00e9bridement de la surface radiculaire (\u00e9limination des tissus endommag\u00e9s) et les proc\u00e9dures r\u00e9g\u00e9n\u00e9ratives (inversion de l&rsquo;os et des tissus perdus).<\/p>\r\n<p>Si n\u00e9cessaire, les parodontistes peuvent \u00e9galement effectuer des interventions chirurgicales pour les patients souffrant de maladies gingivales graves. En outre, les parodontistes sont form\u00e9s \u00e0 la pose, \u00e0 l&rsquo;entretien et \u00e0 la r\u00e9paration des <a href=\"https:\/\/www.lecourrierdudentiste.com\/lepatient\/vos-questions\/quest-ce-quun-implant-dentaire.html\"><strong>implants dentaires<\/strong><\/a>.<\/p>\r\n\r\n<p>&nbsp;<\/p>\r\n","protected":false},"excerpt":{"rendered":"<p>La parodontie ou parodontologie est la sp\u00e9cialit\u00e9 dentaire qui se concentre exclusivement sur la maladie inflammatoire qui d\u00e9truit les gencives<\/p>\n","protected":false},"author":1,"featured_media":788,"parent":0,"menu_order":0,"comment_status":"closed","ping_status":"closed","template":"","meta":{"colormag_page_container_layout":"default_layout","colormag_page_sidebar_layout":"default_layout","_lmt_disableupdate":"no","_lmt_disable":"no","footnotes":""},"class_list":["post-137","page","type-page","status-publish","has-post-thumbnail","hentry"],"yoast_head":"<!-- This site is optimized with the Yoast SEO plugin v27.4 - https:\/\/yoast.com\/product\/yoast-seo-wordpress\/ -->\n<title>La parodontie - Ma sant\u00e9 bucco-dentaire<\/title>\n<meta name=\"description\" content=\"La parodontie est la sp\u00e9cialit\u00e9 dentaire qui se concentre sur la maladie inflammatoire qui d\u00e9truit les gencives et les structures de soutien des dents.\" \/>\n<meta name=\"robots\" content=\"index, follow, max-snippet:-1, max-image-preview:large, max-video-preview:-1\" \/>\n<link rel=\"canonical\" href=\"https:\/\/www.lecourrierdudentiste.com\/lepatient\/la-parodontie\" \/>\n<meta property=\"og:locale\" content=\"fr_FR\" \/>\n<meta property=\"og:type\" content=\"article\" \/>\n<meta property=\"og:title\" content=\"La parodontie - Ma sant\u00e9 bucco-dentaire\" \/>\n<meta property=\"og:description\" content=\"La parodontie est la sp\u00e9cialit\u00e9 dentaire qui se concentre sur la maladie inflammatoire qui d\u00e9truit les gencives et les structures de soutien des dents.\" \/>\n<meta property=\"og:url\" content=\"https:\/\/www.lecourrierdudentiste.com\/lepatient\/la-parodontie\" \/>\n<meta property=\"og:site_name\" content=\"Ma sant\u00e9 bucco-dentaire\" \/>\n<meta property=\"article:publisher\" content=\"https:\/\/www.facebook.com\/Ma-sant-bucco-dentaire-106538034609903\" \/>\n<meta property=\"article:modified_time\" content=\"2022-11-05T22:44:26+00:00\" \/>\n<meta property=\"og:image\" content=\"https:\/\/www.lecourrierdudentiste.com\/lepatient\/wp-content\/uploads\/2021\/01\/parodontie.jpg\" \/>\n\t<meta property=\"og:image:width\" content=\"640\" \/>\n\t<meta property=\"og:image:height\" content=\"356\" \/>\n\t<meta property=\"og:image:type\" content=\"image\/jpeg\" \/>\n<meta name=\"twitter:card\" content=\"summary_large_image\" \/>\n<meta name=\"twitter:label1\" content=\"Dur\u00e9e de lecture estim\u00e9e\" \/>\n\t<meta name=\"twitter:data1\" content=\"2 minutes\" \/>\n<script type=\"application\/ld+json\" class=\"yoast-schema-graph\">{\"@context\":\"https:\\\/\\\/schema.org\",\"@graph\":[{\"@type\":\"WebPage\",\"@id\":\"https:\\\/\\\/www.lecourrierdudentiste.com\\\/lepatient\\\/la-parodontie\",\"url\":\"https:\\\/\\\/www.lecourrierdudentiste.com\\\/lepatient\\\/la-parodontie\",\"name\":\"La parodontie - Ma sant\u00e9 bucco-dentaire\",\"isPartOf\":{\"@id\":\"https:\\\/\\\/www.lecourrierdudentiste.com\\\/lepatient\\\/#website\"},\"primaryImageOfPage\":{\"@id\":\"https:\\\/\\\/www.lecourrierdudentiste.com\\\/lepatient\\\/la-parodontie#primaryimage\"},\"image\":{\"@id\":\"https:\\\/\\\/www.lecourrierdudentiste.com\\\/lepatient\\\/la-parodontie#primaryimage\"},\"thumbnailUrl\":\"https:\\\/\\\/www.lecourrierdudentiste.com\\\/lepatient\\\/wp-content\\\/uploads\\\/2021\\\/01\\\/parodontie.jpg\",\"datePublished\":\"2020-11-03T10:08:36+00:00\",\"dateModified\":\"2022-11-05T22:44:26+00:00\",\"description\":\"La parodontie est la sp\u00e9cialit\u00e9 dentaire qui se concentre sur la maladie inflammatoire qui d\u00e9truit les gencives et les structures de soutien des dents.\",\"breadcrumb\":{\"@id\":\"https:\\\/\\\/www.lecourrierdudentiste.com\\\/lepatient\\\/la-parodontie#breadcrumb\"},\"inLanguage\":\"fr-FR\",\"potentialAction\":[{\"@type\":\"ReadAction\",\"target\":[\"https:\\\/\\\/www.lecourrierdudentiste.com\\\/lepatient\\\/la-parodontie\"]}]},{\"@type\":\"ImageObject\",\"inLanguage\":\"fr-FR\",\"@id\":\"https:\\\/\\\/www.lecourrierdudentiste.com\\\/lepatient\\\/la-parodontie#primaryimage\",\"url\":\"https:\\\/\\\/www.lecourrierdudentiste.com\\\/lepatient\\\/wp-content\\\/uploads\\\/2021\\\/01\\\/parodontie.jpg\",\"contentUrl\":\"https:\\\/\\\/www.lecourrierdudentiste.com\\\/lepatient\\\/wp-content\\\/uploads\\\/2021\\\/01\\\/parodontie.jpg\",\"width\":640,\"height\":356,\"caption\":\"La parodontie\"},{\"@type\":\"BreadcrumbList\",\"@id\":\"https:\\\/\\\/www.lecourrierdudentiste.com\\\/lepatient\\\/la-parodontie#breadcrumb\",\"itemListElement\":[{\"@type\":\"ListItem\",\"position\":1,\"name\":\"Accueil\",\"item\":\"https:\\\/\\\/www.lecourrierdudentiste.com\\\/lepatient\"},{\"@type\":\"ListItem\",\"position\":2,\"name\":\"La parodontie\"}]},{\"@type\":\"WebSite\",\"@id\":\"https:\\\/\\\/www.lecourrierdudentiste.com\\\/lepatient\\\/#website\",\"url\":\"https:\\\/\\\/www.lecourrierdudentiste.com\\\/lepatient\\\/\",\"name\":\"Ma sant\u00e9 bucco-dentaire\",\"description\":\"Informations et conseils dentaires pour patient\",\"publisher\":{\"@id\":\"https:\\\/\\\/www.lecourrierdudentiste.com\\\/lepatient\\\/#\\\/schema\\\/person\\\/b60c4ef676e6f6aecf24be3a2b1d7f42\"},\"alternateName\":\"Sant\u00e9 bucco-dentaire\",\"potentialAction\":[{\"@type\":\"SearchAction\",\"target\":{\"@type\":\"EntryPoint\",\"urlTemplate\":\"https:\\\/\\\/www.lecourrierdudentiste.com\\\/lepatient\\\/?s={search_term_string}\"},\"query-input\":{\"@type\":\"PropertyValueSpecification\",\"valueRequired\":true,\"valueName\":\"search_term_string\"}}],\"inLanguage\":\"fr-FR\"},{\"@type\":[\"Person\",\"Organization\"],\"@id\":\"https:\\\/\\\/www.lecourrierdudentiste.com\\\/lepatient\\\/#\\\/schema\\\/person\\\/b60c4ef676e6f6aecf24be3a2b1d7f42\",\"name\":\"Admin\",\"image\":{\"@type\":\"ImageObject\",\"inLanguage\":\"fr-FR\",\"@id\":\"https:\\\/\\\/www.lecourrierdudentiste.com\\\/lepatient\\\/wp-content\\\/uploads\\\/2020\\\/11\\\/Ma-sante-dentaire2.jpg\",\"url\":\"https:\\\/\\\/www.lecourrierdudentiste.com\\\/lepatient\\\/wp-content\\\/uploads\\\/2020\\\/11\\\/Ma-sante-dentaire2.jpg\",\"contentUrl\":\"https:\\\/\\\/www.lecourrierdudentiste.com\\\/lepatient\\\/wp-content\\\/uploads\\\/2020\\\/11\\\/Ma-sante-dentaire2.jpg\",\"width\":290,\"height\":75,\"caption\":\"Admin\"},\"logo\":{\"@id\":\"https:\\\/\\\/www.lecourrierdudentiste.com\\\/lepatient\\\/wp-content\\\/uploads\\\/2020\\\/11\\\/Ma-sante-dentaire2.jpg\"},\"sameAs\":[\"https:\\\/\\\/www.lecourrierdudentiste.com\\\/lepatient\",\"https:\\\/\\\/www.facebook.com\\\/Ma-sant-bucco-dentaire-106538034609903\"]}]}<\/script>\n<!-- \/ Yoast SEO plugin. -->","yoast_head_json":{"title":"La parodontie - Ma sant\u00e9 bucco-dentaire","description":"La parodontie est la sp\u00e9cialit\u00e9 dentaire qui se concentre sur la maladie inflammatoire qui d\u00e9truit les gencives et les structures de soutien des dents.","robots":{"index":"index","follow":"follow","max-snippet":"max-snippet:-1","max-image-preview":"max-image-preview:large","max-video-preview":"max-video-preview:-1"},"canonical":"https:\/\/www.lecourrierdudentiste.com\/lepatient\/la-parodontie","og_locale":"fr_FR","og_type":"article","og_title":"La parodontie - Ma sant\u00e9 bucco-dentaire","og_description":"La parodontie est la sp\u00e9cialit\u00e9 dentaire qui se concentre sur la maladie inflammatoire qui d\u00e9truit les gencives et les structures de soutien des dents.","og_url":"https:\/\/www.lecourrierdudentiste.com\/lepatient\/la-parodontie","og_site_name":"Ma sant\u00e9 bucco-dentaire","article_publisher":"https:\/\/www.facebook.com\/Ma-sant-bucco-dentaire-106538034609903","article_modified_time":"2022-11-05T22:44:26+00:00","og_image":[{"width":640,"height":356,"url":"https:\/\/www.lecourrierdudentiste.com\/lepatient\/wp-content\/uploads\/2021\/01\/parodontie.jpg","type":"image\/jpeg"}],"twitter_card":"summary_large_image","twitter_misc":{"Dur\u00e9e de lecture estim\u00e9e":"2 minutes"},"schema":{"@context":"https:\/\/schema.org","@graph":[{"@type":"WebPage","@id":"https:\/\/www.lecourrierdudentiste.com\/lepatient\/la-parodontie","url":"https:\/\/www.lecourrierdudentiste.com\/lepatient\/la-parodontie","name":"La parodontie - Ma sant\u00e9 bucco-dentaire","isPartOf":{"@id":"https:\/\/www.lecourrierdudentiste.com\/lepatient\/#website"},"primaryImageOfPage":{"@id":"https:\/\/www.lecourrierdudentiste.com\/lepatient\/la-parodontie#primaryimage"},"image":{"@id":"https:\/\/www.lecourrierdudentiste.com\/lepatient\/la-parodontie#primaryimage"},"thumbnailUrl":"https:\/\/www.lecourrierdudentiste.com\/lepatient\/wp-content\/uploads\/2021\/01\/parodontie.jpg","datePublished":"2020-11-03T10:08:36+00:00","dateModified":"2022-11-05T22:44:26+00:00","description":"La parodontie est la sp\u00e9cialit\u00e9 dentaire qui se concentre sur la maladie inflammatoire qui d\u00e9truit les gencives et les structures de soutien des dents.","breadcrumb":{"@id":"https:\/\/www.lecourrierdudentiste.com\/lepatient\/la-parodontie#breadcrumb"},"inLanguage":"fr-FR","potentialAction":[{"@type":"ReadAction","target":["https:\/\/www.lecourrierdudentiste.com\/lepatient\/la-parodontie"]}]},{"@type":"ImageObject","inLanguage":"fr-FR","@id":"https:\/\/www.lecourrierdudentiste.com\/lepatient\/la-parodontie#primaryimage","url":"https:\/\/www.lecourrierdudentiste.com\/lepatient\/wp-content\/uploads\/2021\/01\/parodontie.jpg","contentUrl":"https:\/\/www.lecourrierdudentiste.com\/lepatient\/wp-content\/uploads\/2021\/01\/parodontie.jpg","width":640,"height":356,"caption":"La parodontie"},{"@type":"BreadcrumbList","@id":"https:\/\/www.lecourrierdudentiste.com\/lepatient\/la-parodontie#breadcrumb","itemListElement":[{"@type":"ListItem","position":1,"name":"Accueil","item":"https:\/\/www.lecourrierdudentiste.com\/lepatient"},{"@type":"ListItem","position":2,"name":"La parodontie"}]},{"@type":"WebSite","@id":"https:\/\/www.lecourrierdudentiste.com\/lepatient\/#website","url":"https:\/\/www.lecourrierdudentiste.com\/lepatient\/","name":"Ma sant\u00e9 bucco-dentaire","description":"Informations et conseils dentaires pour patient","publisher":{"@id":"https:\/\/www.lecourrierdudentiste.com\/lepatient\/#\/schema\/person\/b60c4ef676e6f6aecf24be3a2b1d7f42"},"alternateName":"Sant\u00e9 bucco-dentaire","potentialAction":[{"@type":"SearchAction","target":{"@type":"EntryPoint","urlTemplate":"https:\/\/www.lecourrierdudentiste.com\/lepatient\/?s={search_term_string}"},"query-input":{"@type":"PropertyValueSpecification","valueRequired":true,"valueName":"search_term_string"}}],"inLanguage":"fr-FR"},{"@type":["Person","Organization"],"@id":"https:\/\/www.lecourrierdudentiste.com\/lepatient\/#\/schema\/person\/b60c4ef676e6f6aecf24be3a2b1d7f42","name":"Admin","image":{"@type":"ImageObject","inLanguage":"fr-FR","@id":"https:\/\/www.lecourrierdudentiste.com\/lepatient\/wp-content\/uploads\/2020\/11\/Ma-sante-dentaire2.jpg","url":"https:\/\/www.lecourrierdudentiste.com\/lepatient\/wp-content\/uploads\/2020\/11\/Ma-sante-dentaire2.jpg","contentUrl":"https:\/\/www.lecourrierdudentiste.com\/lepatient\/wp-content\/uploads\/2020\/11\/Ma-sante-dentaire2.jpg","width":290,"height":75,"caption":"Admin"},"logo":{"@id":"https:\/\/www.lecourrierdudentiste.com\/lepatient\/wp-content\/uploads\/2020\/11\/Ma-sante-dentaire2.jpg"},"sameAs":["https:\/\/www.lecourrierdudentiste.com\/lepatient","https:\/\/www.facebook.com\/Ma-sant-bucco-dentaire-106538034609903"]}]}},"jetpack_sharing_enabled":true,"_links":{"self":[{"href":"https:\/\/www.lecourrierdudentiste.com\/lepatient\/wp-json\/wp\/v2\/pages\/137","targetHints":{"allow":["GET"]}}],"collection":[{"href":"https:\/\/www.lecourrierdudentiste.com\/lepatient\/wp-json\/wp\/v2\/pages"}],"about":[{"href":"https:\/\/www.lecourrierdudentiste.com\/lepatient\/wp-json\/wp\/v2\/types\/page"}],"author":[{"embeddable":true,"href":"https:\/\/www.lecourrierdudentiste.com\/lepatient\/wp-json\/wp\/v2\/users\/1"}],"replies":[{"embeddable":true,"href":"https:\/\/www.lecourrierdudentiste.com\/lepatient\/wp-json\/wp\/v2\/comments?post=137"}],"version-history":[{"count":14,"href":"https:\/\/www.lecourrierdudentiste.com\/lepatient\/wp-json\/wp\/v2\/pages\/137\/revisions"}],"predecessor-version":[{"id":3391,"href":"https:\/\/www.lecourrierdudentiste.com\/lepatient\/wp-json\/wp\/v2\/pages\/137\/revisions\/3391"}],"wp:featuredmedia":[{"embeddable":true,"href":"https:\/\/www.lecourrierdudentiste.com\/lepatient\/wp-json\/wp\/v2\/media\/788"}],"wp:attachment":[{"href":"https:\/\/www.lecourrierdudentiste.com\/lepatient\/wp-json\/wp\/v2\/media?parent=137"}],"curies":[{"name":"wp","href":"https:\/\/api.w.org\/{rel}","templated":true}]}}