{"id":135,"date":"2020-11-03T11:07:59","date_gmt":"2020-11-03T10:07:59","guid":{"rendered":"https:\/\/www.lecourrierdudentiste.com\/lepatient\/?page_id=135"},"modified":"2021-02-02T10:35:48","modified_gmt":"2021-02-02T09:35:48","slug":"la-pedodontie","status":"publish","type":"page","link":"https:\/\/www.lecourrierdudentiste.com\/lepatient\/la-pedodontie","title":{"rendered":"La p\u00e9dodontie"},"content":{"rendered":"<p>La p\u00e9dodontie, \u00e9galement appel\u00e9e dentisterie p\u00e9diatrique, sp\u00e9cialit\u00e9 dentaire qui s\u2019occupe des soins des dents des enfants. Le p\u00e9dodontiste s\u2019int\u00e9resse beaucoup \u00e0 la pr\u00e9vention, qui comprend l\u2019enseignement d\u2019une alimentation correcte, l\u2019utilisation du fluor et la pratique de l\u2019hygi\u00e8ne bucco-dentaire.<\/p>\n<p>La pratique courante du p\u00e9dodontiste porte essentiellement sur les caries, mais elle consiste \u00e9galement \u00e0 influencer l\u2019alignement des dents. Un traitement prolong\u00e9 peut \u00eatre n\u00e9cessaire pour corriger les anomalies naissantes de la position des dents. Des <a href=\"https:\/\/www.lecourrierdudentiste.com\/lepatient\/blog\/traitement-orthodontique-precoce-chez-lenfant.html\">appareils orthodontiques<\/a> ou d\u2019autres dispositifs de correction peuvent \u00eatre utilis\u00e9s.<\/p>\n","protected":false},"excerpt":{"rendered":"<p>La p\u00e9dodontie, \u00e9galement appel\u00e9e dentisterie p\u00e9diatrique, sp\u00e9cialit\u00e9 dentaire qui s\u2019occupe des soins des dents des enfants. Le p\u00e9dodontiste s\u2019int\u00e9resse beaucoup<\/p>\n","protected":false},"author":1,"featured_media":789,"parent":0,"menu_order":0,"comment_status":"closed","ping_status":"closed","template":"","meta":{"colormag_page_container_layout":"default_layout","colormag_page_sidebar_layout":"default_layout","_lmt_disableupdate":"","_lmt_disable":"","footnotes":""},"class_list":["post-135","page","type-page","status-publish","has-post-thumbnail","hentry"],"yoast_head":"<!-- This site is optimized with the Yoast SEO plugin v27.4 - https:\/\/yoast.com\/product\/yoast-seo-wordpress\/ -->\n<title>La p\u00e9dodontie - Ma sant\u00e9 bucco-dentaire<\/title>\n<meta name=\"description\" content=\"La p\u00e9dodontie, \u00e9galement appel\u00e9e dentisterie p\u00e9diatrique, sp\u00e9cialit\u00e9 dentaire qui s\u2019occupe des soins des dents des enfants.\" \/>\n<meta name=\"robots\" content=\"index, follow, max-snippet:-1, max-image-preview:large, max-video-preview:-1\" \/>\n<link rel=\"canonical\" href=\"https:\/\/www.lecourrierdudentiste.com\/lepatient\/la-pedodontie\" \/>\n<meta property=\"og:locale\" content=\"fr_FR\" \/>\n<meta property=\"og:type\" content=\"article\" \/>\n<meta property=\"og:title\" content=\"La p\u00e9dodontie - Ma sant\u00e9 bucco-dentaire\" \/>\n<meta property=\"og:description\" content=\"La p\u00e9dodontie, \u00e9galement appel\u00e9e dentisterie p\u00e9diatrique, sp\u00e9cialit\u00e9 dentaire qui s\u2019occupe des soins des dents des enfants.\" \/>\n<meta property=\"og:url\" content=\"https:\/\/www.lecourrierdudentiste.com\/lepatient\/la-pedodontie\" \/>\n<meta property=\"og:site_name\" content=\"Ma sant\u00e9 bucco-dentaire\" \/>\n<meta property=\"article:publisher\" content=\"https:\/\/www.facebook.com\/Ma-sant-bucco-dentaire-106538034609903\" \/>\n<meta property=\"article:modified_time\" content=\"2021-02-02T09:35:48+00:00\" \/>\n<meta property=\"og:image\" content=\"https:\/\/www.lecourrierdudentiste.com\/lepatient\/wp-content\/uploads\/2021\/01\/pedodontie.jpg\" \/>\n\t<meta property=\"og:image:width\" content=\"640\" \/>\n\t<meta property=\"og:image:height\" content=\"356\" \/>\n\t<meta property=\"og:image:type\" content=\"image\/jpeg\" \/>\n<meta name=\"twitter:card\" content=\"summary_large_image\" \/>\n<meta name=\"twitter:label1\" content=\"Dur\u00e9e de lecture estim\u00e9e\" \/>\n\t<meta name=\"twitter:data1\" content=\"1 minute\" \/>\n<script type=\"application\/ld+json\" class=\"yoast-schema-graph\">{\"@context\":\"https:\\\/\\\/schema.org\",\"@graph\":[{\"@type\":\"WebPage\",\"@id\":\"https:\\\/\\\/www.lecourrierdudentiste.com\\\/lepatient\\\/la-pedodontie\",\"url\":\"https:\\\/\\\/www.lecourrierdudentiste.com\\\/lepatient\\\/la-pedodontie\",\"name\":\"La p\u00e9dodontie - Ma sant\u00e9 bucco-dentaire\",\"isPartOf\":{\"@id\":\"https:\\\/\\\/www.lecourrierdudentiste.com\\\/lepatient\\\/#website\"},\"primaryImageOfPage\":{\"@id\":\"https:\\\/\\\/www.lecourrierdudentiste.com\\\/lepatient\\\/la-pedodontie#primaryimage\"},\"image\":{\"@id\":\"https:\\\/\\\/www.lecourrierdudentiste.com\\\/lepatient\\\/la-pedodontie#primaryimage\"},\"thumbnailUrl\":\"https:\\\/\\\/www.lecourrierdudentiste.com\\\/lepatient\\\/wp-content\\\/uploads\\\/2021\\\/01\\\/pedodontie.jpg\",\"datePublished\":\"2020-11-03T10:07:59+00:00\",\"dateModified\":\"2021-02-02T09:35:48+00:00\",\"description\":\"La p\u00e9dodontie, \u00e9galement appel\u00e9e dentisterie p\u00e9diatrique, sp\u00e9cialit\u00e9 dentaire qui s\u2019occupe des soins des dents des enfants.\",\"breadcrumb\":{\"@id\":\"https:\\\/\\\/www.lecourrierdudentiste.com\\\/lepatient\\\/la-pedodontie#breadcrumb\"},\"inLanguage\":\"fr-FR\",\"potentialAction\":[{\"@type\":\"ReadAction\",\"target\":[\"https:\\\/\\\/www.lecourrierdudentiste.com\\\/lepatient\\\/la-pedodontie\"]}]},{\"@type\":\"ImageObject\",\"inLanguage\":\"fr-FR\",\"@id\":\"https:\\\/\\\/www.lecourrierdudentiste.com\\\/lepatient\\\/la-pedodontie#primaryimage\",\"url\":\"https:\\\/\\\/www.lecourrierdudentiste.com\\\/lepatient\\\/wp-content\\\/uploads\\\/2021\\\/01\\\/pedodontie.jpg\",\"contentUrl\":\"https:\\\/\\\/www.lecourrierdudentiste.com\\\/lepatient\\\/wp-content\\\/uploads\\\/2021\\\/01\\\/pedodontie.jpg\",\"width\":640,\"height\":356,\"caption\":\"La p\u00e9dodontie\"},{\"@type\":\"BreadcrumbList\",\"@id\":\"https:\\\/\\\/www.lecourrierdudentiste.com\\\/lepatient\\\/la-pedodontie#breadcrumb\",\"itemListElement\":[{\"@type\":\"ListItem\",\"position\":1,\"name\":\"Accueil\",\"item\":\"https:\\\/\\\/www.lecourrierdudentiste.com\\\/lepatient\"},{\"@type\":\"ListItem\",\"position\":2,\"name\":\"La p\u00e9dodontie\"}]},{\"@type\":\"WebSite\",\"@id\":\"https:\\\/\\\/www.lecourrierdudentiste.com\\\/lepatient\\\/#website\",\"url\":\"https:\\\/\\\/www.lecourrierdudentiste.com\\\/lepatient\\\/\",\"name\":\"Ma sant\u00e9 bucco-dentaire\",\"description\":\"Informations et conseils dentaires pour patient\",\"publisher\":{\"@id\":\"https:\\\/\\\/www.lecourrierdudentiste.com\\\/lepatient\\\/#\\\/schema\\\/person\\\/b60c4ef676e6f6aecf24be3a2b1d7f42\"},\"alternateName\":\"Sant\u00e9 bucco-dentaire\",\"potentialAction\":[{\"@type\":\"SearchAction\",\"target\":{\"@type\":\"EntryPoint\",\"urlTemplate\":\"https:\\\/\\\/www.lecourrierdudentiste.com\\\/lepatient\\\/?s={search_term_string}\"},\"query-input\":{\"@type\":\"PropertyValueSpecification\",\"valueRequired\":true,\"valueName\":\"search_term_string\"}}],\"inLanguage\":\"fr-FR\"},{\"@type\":[\"Person\",\"Organization\"],\"@id\":\"https:\\\/\\\/www.lecourrierdudentiste.com\\\/lepatient\\\/#\\\/schema\\\/person\\\/b60c4ef676e6f6aecf24be3a2b1d7f42\",\"name\":\"Admin\",\"image\":{\"@type\":\"ImageObject\",\"inLanguage\":\"fr-FR\",\"@id\":\"https:\\\/\\\/www.lecourrierdudentiste.com\\\/lepatient\\\/wp-content\\\/uploads\\\/2020\\\/11\\\/Ma-sante-dentaire2.jpg\",\"url\":\"https:\\\/\\\/www.lecourrierdudentiste.com\\\/lepatient\\\/wp-content\\\/uploads\\\/2020\\\/11\\\/Ma-sante-dentaire2.jpg\",\"contentUrl\":\"https:\\\/\\\/www.lecourrierdudentiste.com\\\/lepatient\\\/wp-content\\\/uploads\\\/2020\\\/11\\\/Ma-sante-dentaire2.jpg\",\"width\":290,\"height\":75,\"caption\":\"Admin\"},\"logo\":{\"@id\":\"https:\\\/\\\/www.lecourrierdudentiste.com\\\/lepatient\\\/wp-content\\\/uploads\\\/2020\\\/11\\\/Ma-sante-dentaire2.jpg\"},\"sameAs\":[\"https:\\\/\\\/www.lecourrierdudentiste.com\\\/lepatient\",\"https:\\\/\\\/www.facebook.com\\\/Ma-sant-bucco-dentaire-106538034609903\"]}]}<\/script>\n<!-- \/ Yoast SEO plugin. -->","yoast_head_json":{"title":"La p\u00e9dodontie - Ma sant\u00e9 bucco-dentaire","description":"La p\u00e9dodontie, \u00e9galement appel\u00e9e dentisterie p\u00e9diatrique, sp\u00e9cialit\u00e9 dentaire qui s\u2019occupe des soins des dents des enfants.","robots":{"index":"index","follow":"follow","max-snippet":"max-snippet:-1","max-image-preview":"max-image-preview:large","max-video-preview":"max-video-preview:-1"},"canonical":"https:\/\/www.lecourrierdudentiste.com\/lepatient\/la-pedodontie","og_locale":"fr_FR","og_type":"article","og_title":"La p\u00e9dodontie - Ma sant\u00e9 bucco-dentaire","og_description":"La p\u00e9dodontie, \u00e9galement appel\u00e9e dentisterie p\u00e9diatrique, sp\u00e9cialit\u00e9 dentaire qui s\u2019occupe des soins des dents des enfants.","og_url":"https:\/\/www.lecourrierdudentiste.com\/lepatient\/la-pedodontie","og_site_name":"Ma sant\u00e9 bucco-dentaire","article_publisher":"https:\/\/www.facebook.com\/Ma-sant-bucco-dentaire-106538034609903","article_modified_time":"2021-02-02T09:35:48+00:00","og_image":[{"width":640,"height":356,"url":"https:\/\/www.lecourrierdudentiste.com\/lepatient\/wp-content\/uploads\/2021\/01\/pedodontie.jpg","type":"image\/jpeg"}],"twitter_card":"summary_large_image","twitter_misc":{"Dur\u00e9e de lecture estim\u00e9e":"1 minute"},"schema":{"@context":"https:\/\/schema.org","@graph":[{"@type":"WebPage","@id":"https:\/\/www.lecourrierdudentiste.com\/lepatient\/la-pedodontie","url":"https:\/\/www.lecourrierdudentiste.com\/lepatient\/la-pedodontie","name":"La p\u00e9dodontie - Ma sant\u00e9 bucco-dentaire","isPartOf":{"@id":"https:\/\/www.lecourrierdudentiste.com\/lepatient\/#website"},"primaryImageOfPage":{"@id":"https:\/\/www.lecourrierdudentiste.com\/lepatient\/la-pedodontie#primaryimage"},"image":{"@id":"https:\/\/www.lecourrierdudentiste.com\/lepatient\/la-pedodontie#primaryimage"},"thumbnailUrl":"https:\/\/www.lecourrierdudentiste.com\/lepatient\/wp-content\/uploads\/2021\/01\/pedodontie.jpg","datePublished":"2020-11-03T10:07:59+00:00","dateModified":"2021-02-02T09:35:48+00:00","description":"La p\u00e9dodontie, \u00e9galement appel\u00e9e dentisterie p\u00e9diatrique, sp\u00e9cialit\u00e9 dentaire qui s\u2019occupe des soins des dents des enfants.","breadcrumb":{"@id":"https:\/\/www.lecourrierdudentiste.com\/lepatient\/la-pedodontie#breadcrumb"},"inLanguage":"fr-FR","potentialAction":[{"@type":"ReadAction","target":["https:\/\/www.lecourrierdudentiste.com\/lepatient\/la-pedodontie"]}]},{"@type":"ImageObject","inLanguage":"fr-FR","@id":"https:\/\/www.lecourrierdudentiste.com\/lepatient\/la-pedodontie#primaryimage","url":"https:\/\/www.lecourrierdudentiste.com\/lepatient\/wp-content\/uploads\/2021\/01\/pedodontie.jpg","contentUrl":"https:\/\/www.lecourrierdudentiste.com\/lepatient\/wp-content\/uploads\/2021\/01\/pedodontie.jpg","width":640,"height":356,"caption":"La p\u00e9dodontie"},{"@type":"BreadcrumbList","@id":"https:\/\/www.lecourrierdudentiste.com\/lepatient\/la-pedodontie#breadcrumb","itemListElement":[{"@type":"ListItem","position":1,"name":"Accueil","item":"https:\/\/www.lecourrierdudentiste.com\/lepatient"},{"@type":"ListItem","position":2,"name":"La p\u00e9dodontie"}]},{"@type":"WebSite","@id":"https:\/\/www.lecourrierdudentiste.com\/lepatient\/#website","url":"https:\/\/www.lecourrierdudentiste.com\/lepatient\/","name":"Ma sant\u00e9 bucco-dentaire","description":"Informations et conseils dentaires pour patient","publisher":{"@id":"https:\/\/www.lecourrierdudentiste.com\/lepatient\/#\/schema\/person\/b60c4ef676e6f6aecf24be3a2b1d7f42"},"alternateName":"Sant\u00e9 bucco-dentaire","potentialAction":[{"@type":"SearchAction","target":{"@type":"EntryPoint","urlTemplate":"https:\/\/www.lecourrierdudentiste.com\/lepatient\/?s={search_term_string}"},"query-input":{"@type":"PropertyValueSpecification","valueRequired":true,"valueName":"search_term_string"}}],"inLanguage":"fr-FR"},{"@type":["Person","Organization"],"@id":"https:\/\/www.lecourrierdudentiste.com\/lepatient\/#\/schema\/person\/b60c4ef676e6f6aecf24be3a2b1d7f42","name":"Admin","image":{"@type":"ImageObject","inLanguage":"fr-FR","@id":"https:\/\/www.lecourrierdudentiste.com\/lepatient\/wp-content\/uploads\/2020\/11\/Ma-sante-dentaire2.jpg","url":"https:\/\/www.lecourrierdudentiste.com\/lepatient\/wp-content\/uploads\/2020\/11\/Ma-sante-dentaire2.jpg","contentUrl":"https:\/\/www.lecourrierdudentiste.com\/lepatient\/wp-content\/uploads\/2020\/11\/Ma-sante-dentaire2.jpg","width":290,"height":75,"caption":"Admin"},"logo":{"@id":"https:\/\/www.lecourrierdudentiste.com\/lepatient\/wp-content\/uploads\/2020\/11\/Ma-sante-dentaire2.jpg"},"sameAs":["https:\/\/www.lecourrierdudentiste.com\/lepatient","https:\/\/www.facebook.com\/Ma-sant-bucco-dentaire-106538034609903"]}]}},"jetpack_sharing_enabled":true,"_links":{"self":[{"href":"https:\/\/www.lecourrierdudentiste.com\/lepatient\/wp-json\/wp\/v2\/pages\/135","targetHints":{"allow":["GET"]}}],"collection":[{"href":"https:\/\/www.lecourrierdudentiste.com\/lepatient\/wp-json\/wp\/v2\/pages"}],"about":[{"href":"https:\/\/www.lecourrierdudentiste.com\/lepatient\/wp-json\/wp\/v2\/types\/page"}],"author":[{"embeddable":true,"href":"https:\/\/www.lecourrierdudentiste.com\/lepatient\/wp-json\/wp\/v2\/users\/1"}],"replies":[{"embeddable":true,"href":"https:\/\/www.lecourrierdudentiste.com\/lepatient\/wp-json\/wp\/v2\/comments?post=135"}],"version-history":[{"count":5,"href":"https:\/\/www.lecourrierdudentiste.com\/lepatient\/wp-json\/wp\/v2\/pages\/135\/revisions"}],"predecessor-version":[{"id":842,"href":"https:\/\/www.lecourrierdudentiste.com\/lepatient\/wp-json\/wp\/v2\/pages\/135\/revisions\/842"}],"wp:featuredmedia":[{"embeddable":true,"href":"https:\/\/www.lecourrierdudentiste.com\/lepatient\/wp-json\/wp\/v2\/media\/789"}],"wp:attachment":[{"href":"https:\/\/www.lecourrierdudentiste.com\/lepatient\/wp-json\/wp\/v2\/media?parent=135"}],"curies":[{"name":"wp","href":"https:\/\/api.w.org\/{rel}","templated":true}]}}